{"id":22,"date":"2011-08-29T21:04:51","date_gmt":"2011-08-29T19:04:51","guid":{"rendered":"http:\/\/4ft.dreipeh.de\/?page_id=22"},"modified":"2021-08-09T12:26:23","modified_gmt":"2021-08-09T10:26:23","slug":"ueberuns","status":"publish","type":"page","link":"https:\/\/praxiserfolg.com\/de\/ueberuns\/","title":{"rendered":"UeberUns"},"content":{"rendered":"<h4>Wir \u00fcber uns<\/h4>\n<h6 style=\"margin: -20px 0 -10px 0;\"><em>Wer aufgeh\u00f6rt hat, besser werden zu wollen, hat aufgeh\u00f6rt, gut zu sein.<\/em><\/h6>\n<p>&nbsp;<\/p>\n<p>PRAXIS<strong>ERFOLG<\/strong><sup>\u00ae<\/sup> wurde 1988 gegr\u00fcndet und betreut seitdem Freiberufler und mittelst\u00e4ndische Unternehmen bei der Umsetzung von Unternehmens- und Finanzstrategien sowie Unternehmer-Enscheidungen im betrieblichen und auch privaten Bereich. Grundlage unseres Tuns ist die pers\u00f6nliche und wirtschaftliche Zielsetzung unserer Kunden.\u2028Um f\u00fcr die vielschichtigen Aufgaben ger\u00fcstet zu sein, hat sich PRAXIS<strong>ERFOLG<\/strong><sup>\u00ae<\/sup> ein Netzwerk von Spezialisten aufgebaut. Wir f\u00fchren Experten zusammen und bieten Ihnen einen Rundum-Service f\u00fcr eine langfristige Partnerschaft.<\/p>\n<p>Zu unserem eigenen Qualit\u00e4tsdenken geh\u00f6rt die st\u00e4ndige, eigene Weiter- und Fortbildung. So k\u00f6nnen unsere Kunden Lizenzen im Bereich der Pers\u00f6nlichkeitsentwicklung und Kommunikation sowie ein Management-Trainerdiplom als Basis unserer Leistung voraussetzen.<\/p>\n<p><strong>Ursula Weber<\/strong><br \/>\nVita von Ursula Weber <a title=\"Vita von Ursula Weber\" href=\"http:\/\/praxiserfolg.com\/de\/wp-content\/uploads\/2011\/08\/UrsulaWeber.pdf\" target=\"_blank\" rel=\"noopener\">&gt;mehr<\/a><\/p>\n<p><strong>Referenzen Seminare\/Beratung<\/strong><br \/>\nEine ausf\u00fchrliche Auflistung unserer Referenzen finden Sie hier <a class=\"popup ueberuns\" title=\"Referenzen\" href=\"https:\/\/praxiserfolg.com\/de\/wp-content\/uploads\/2011\/08\/seminare_coaching.html\" rel=\"width:650;height:570\">&gt;mehr<\/a><\/p>\n<p><strong>Referenzen Projekte Gesundheitszentren<\/strong><br \/>\nEine ausf\u00fchrliche Auflistung unserer Projekte in Gesundheitszentren finden Sie hier <a class=\"popup ueberuns\" title=\"Referenzen\" href=\"https:\/\/praxiserfolg.com\/de\/wp-content\/uploads\/2011\/08\/projekte_gesundheitszentren.html\" rel=\"width:650;height:570\">&gt;mehr<\/a><\/p>\n<hr style=\"width: 633px;\" width=\"633\" \/>\n<h4>Unsere Zielgruppe<\/h4>\n<p>Zu unserer Zielgruppe geh\u00f6ren Unternehmen der Medizinbranche sowie<br \/>\nsowie freiberufliche Praxen und alle dazugeh\u00f6renden Formen wie Berufsaus\u00fcbungsgemeinschaften und gro\u00dfe MVZs. <\/p>\n<hr style=\"width: 633px;\" width=\"633\" \/>\n<h4>Unsere Partner<\/h4>\n<p><strong>Unsere Partner bei der Durchf\u00fchrung von Seminaren<\/strong><br \/>\n<a class=\"external\" href=\"http:\/\/www.khi-direkt.de\/\" target=\"_blank\" rel=\"noopener\">www.khi-direkt.de<\/a><br \/>\n<a class=\"external\" href=\"http:\/\/www.dgi-ev.de\/\" target=\"_blank\" rel=\"noopener\">www.dgi-ev.de<\/a><br \/>\n<a class=\"external\" href=\"http:\/\/www.steinbeis.de\/\" target=\"_blank\" rel=\"noopener\">www.steinbeis.de<\/a><\/p>\n<p><strong>An folgenden Instituten konnte Ursula Weber Ausbildungsprogramme absolvieren<\/strong><br \/>\n<a class=\"external\" href=\"http:\/\/www.trainer-akademie.de\/\" target=\"_blank\" rel=\"noopener\">www.trainer-akademie.de<\/a><br \/>\n<a class=\"external\" href=\"http:\/\/www.structogramm.de\/\" target=\"_blank\" rel=\"noopener\">www.structogramm.de<\/a><br \/>\n<a class=\"external\" href=\"http:\/\/www.tonyrobbins.de\/\" target=\"_blank\" rel=\"noopener\">www.tonyrobbins.de<\/a><\/p>\n<p><strong>Weitere Partner<\/strong><br \/>\nZu unserem Netzwerk geh\u00f6ren<br \/>\n&#8211; Steuerberater<br \/>\n&#8211; Rechtsanw\u00e4lte<br \/>\n&#8211; Finanz\u00f6konomen<br \/>\n&#8211; Certified Financial Planner<br \/>\n&#8211; Webdesigner<br \/>\n&#8211; Werbeagenturen<br \/>\n&#8211; Internet-Online-Offline Optimierung<br \/>\n&#8211; QM-Berater<\/p>\n<hr style=\"width: 633px;\" width=\"633\" \/>\n<h4>Unsere Ver\u00f6ffentlichungen<\/h4>\n<p><strong>Hier finden Sie Ver\u00f6ffentlichungen von Ursula Weber in Buchform:<\/strong><br \/>\nHandbuch Finanz- und Verm\u00f6gensberatung<br \/>\n<a class=\"external\" href=\"http:\/\/www.gabler.de\/\" target=\"_blank\" rel=\"noopener\">www.gabler.de<\/a><br \/>\n<a class=\"external\" href=\"http:\/\/www.amazon.de\/\" target=\"_blank\" rel=\"noopener\">www.amazon.de<\/a><\/p>\n<p><strong>In folgenden Publikationen sind bereits Ver\u00f6ffentlichungen von Ursula Weber erschienen<\/strong><br \/>\n<a class=\"external\" href=\"http:\/\/www.aerzteblatt.de\/\" target=\"_blank\" rel=\"noopener\">www.aerzteblatt.de<\/a><br \/>\n<a class=\"external\" href=\"http:\/\/www.zm-online.de\/\" target=\"_blank\" rel=\"noopener\">www.ZM-online.de<\/a><br \/>\n<a class=\"external\" href=\"http:\/\/www.quintessenz.de\/\" target=\"_blank\" rel=\"noopener\">www.quintessenz.de<\/a><br \/>\n<a class=\"external\" href=\"http:\/\/www.vetline.de\/\" target=\"_blank\" rel=\"noopener\">www.vetline.de<\/a><\/p>\n<hr style=\"width: 633px;\" width=\"633\" \/>\n<p>&nbsp;<\/p>\n","protected":false},"excerpt":{"rendered":"<p>Wir \u00fcber uns Wer aufgeh\u00f6rt hat, besser werden zu wollen, hat aufgeh\u00f6rt, gut zu sein. &nbsp; PRAXISERFOLG\u00ae wurde 1988 gegr\u00fcndet und betreut seitdem Freiberufler und mittelst\u00e4ndische Unternehmen bei der Umsetzung von Unternehmens- und Finanzstrategien sowie Unternehmer-Enscheidungen im betrieblichen und auch privaten Bereich. Grundlage unseres Tuns ist die pers\u00f6nliche und wirtschaftliche Zielsetzung unserer Kunden.\u2028Um f\u00fcr die [&hellip;]<\/p>\n","protected":false},"author":1,"featured_media":0,"parent":0,"menu_order":0,"comment_status":"closed","ping_status":"closed","template":"ueberuns.php","meta":{"footnotes":""},"class_list":["post-22","page","type-page","status-publish","hentry"],"_links":{"self":[{"href":"https:\/\/praxiserfolg.com\/de\/wp-json\/wp\/v2\/pages\/22","targetHints":{"allow":["GET"]}}],"collection":[{"href":"https:\/\/praxiserfolg.com\/de\/wp-json\/wp\/v2\/pages"}],"about":[{"href":"https:\/\/praxiserfolg.com\/de\/wp-json\/wp\/v2\/types\/page"}],"author":[{"embeddable":true,"href":"https:\/\/praxiserfolg.com\/de\/wp-json\/wp\/v2\/users\/1"}],"replies":[{"embeddable":true,"href":"https:\/\/praxiserfolg.com\/de\/wp-json\/wp\/v2\/comments?post=22"}],"version-history":[{"count":11,"href":"https:\/\/praxiserfolg.com\/de\/wp-json\/wp\/v2\/pages\/22\/revisions"}],"predecessor-version":[{"id":514,"href":"https:\/\/praxiserfolg.com\/de\/wp-json\/wp\/v2\/pages\/22\/revisions\/514"}],"wp:attachment":[{"href":"https:\/\/praxiserfolg.com\/de\/wp-json\/wp\/v2\/media?parent=22"}],"curies":[{"name":"wp","href":"https:\/\/api.w.org\/{rel}","templated":true}]}}