{"id":341,"date":"2018-06-05T17:21:28","date_gmt":"2018-06-05T15:21:28","guid":{"rendered":"http:\/\/praxiserfolg.com\/de\/?page_id=341"},"modified":"2018-06-05T17:37:07","modified_gmt":"2018-06-05T15:37:07","slug":"datenschutzerklaerung-zur-online-bewerbung","status":"publish","type":"page","link":"https:\/\/praxiserfolg.com\/de\/impressum\/datenschutzerklaerung-zur-online-bewerbung\/","title":{"rendered":"Datenschutzerkl\u00e4rung zur Online-Bewerbung"},"content":{"rendered":"<p>Vielen Dank f\u00fcr Ihr Interesse an unserer Online-Stellenausschreibung.\u00a0Der Schutz Ihrer pers\u00f6nlichen Daten ist uns sehr wichtig.\u00a0Daher informieren wir Sie nachfolgend \u00fcber die Erhebung, Verarbeitung und Nutzung Ihrer Daten im Rahmen der Online-Bewerbung, gem\u00e4\u00df den einschl\u00e4gigen Datenschutzvorschriften.<\/p>\n<p><strong>Datenerhebung<\/strong><\/p>\n<p>Im Zuge Ihrer Online-Bewerbung werden von uns die nachfolgend aufgez\u00e4hlten pers\u00f6nlichen Bewerbungsdaten von Ihnen erhoben und verarbeitet:<\/p>\n<ul>\n<li>Name, Vorname<\/li>\n<li>Adresse<\/li>\n<li>Telefonnummer<\/li>\n<li>E-Mail<\/li>\n<li>Bewerbungsunterlagen (Bewerbungsschreiben, Lebenslauf, Zeugnisse, Zertifikate u.\u00e4.)<\/li>\n<\/ul>\n<p>&nbsp;<\/p>\n<p>&nbsp;<\/p>\n<p>&nbsp;<\/p>\n<p>&nbsp;<\/p>\n<p><strong>Zweck der Datenerfassung \/ Weitergabe<\/strong><\/p>\n<p>Die Erhebung und Verarbeitung Ihrer pers\u00f6nlichen Bewerbungsdaten erfolgt ausschlie\u00dflich zweckgebunden f\u00fcr die Besetzung von Stellen innerhalb unseres Unternehmens. Ihre Daten werden grunds\u00e4tzlich nur an die f\u00fcr das konkrete Bewerbungsverfahren zust\u00e4ndigen innerbetrieblichen Stellen und Fachabteilungen unseres Unternehmens weitergeleitet. Eine Weitergabe Ihrer pers\u00f6nlichen Bewerbungsdaten an andere Unternehmen oder Gesch\u00e4ftspartner erfolgt nicht ohne vorherige, ausdr\u00fcckliche Einwilligung Ihrerseits.<br \/>\nEine dar\u00fcber hinausgehende Nutzung oder Weitergabe Ihrer Bewerbungsdaten an Dritte erfolgt nicht.<\/p>\n<p><strong>Aufbewahrungsdauer der Bewerbungsdaten<\/strong><\/p>\n<p>Eine L\u00f6schung Ihrer pers\u00f6nlichen Bewerbungsdaten erfolgt grunds\u00e4tzlich automatisch drei Monate nach Abschluss des Bewerbungsverfahrens. Dies gilt nicht, sofern gesetzliche Bestimmungen einer L\u00f6schung entgegenstehen, die weitere Speicherung zum Zwecke der Beweisf\u00fchrung erforderlich ist oder Sie einer l\u00e4ngeren Speicherung ausdr\u00fccklich zugestimmt haben.<\/p>\n<p><strong>Speicherung f\u00fcr zuk\u00fcnftige Stellenausschreibungen<\/strong><\/p>\n<p>Sollten wir Ihnen keine aktuell zu besetzende Stelle anbieten k\u00f6nnen, jedoch aufgrund Ihres Profils der Ansicht sein, dass Ihre Bewerbung eventuell f\u00fcr zuk\u00fcnftige Stellenangebote interessant sein k\u00f6nnte, werden wir Ihre pers\u00f6nlichen Bewerbungsdaten zw\u00f6lf Monate lang speichern, sofern Sie einer solchen Speicherung und Nutzung ausdr\u00fccklich zustimmen.<\/p>\n<p><strong>Datensicherheit<\/strong><\/p>\n<p>Um die im Rahmen Ihrer Bewerbung erhobenen Daten vor Manipulationen und unberechtigten Zugriffen zu sch\u00fctzen haben wir diverse technische und organisatorische Vorkehrungen getroffen. Unsere Online-Formulare werden entsprechend dem Stand der Technik verschl\u00fcsselt \u00fcbertragen. Sie haben auch die M\u00f6glichkeit uns per email Ihre Unterlagen zur Verf\u00fcgung zu stellen. Bitte beachten Sie, dass Emails in der Regel nicht in verschl\u00fcsselter Form versendet werden und dass Sie als Bewerber\/In selbst verschl\u00fcsseln m\u00fcssen. Wir k\u00f6nnen daher keine Verantwortung f\u00fcr die \u00dcbertragung der Anwendung zwischen dem Absender und dem Empfang auf unserem Server \u00fcbernehmen. Als Bewerber\/In haben Sie jederzeit auch die M\u00f6glichkeit die Bewerbung postalisch einzureichen.<\/p>\n<p><strong>Auskunftsrecht und Widerruf<\/strong><\/p>\n<p>Sollten Sie Fragen zur Erhebung, Verarbeitung oder Nutzung Ihrer personenbezogenen Daten haben, oder in F\u00e4llen von Ausk\u00fcnften, Berichtigung oder L\u00f6schung von Daten, sowie Widerruf erteilter Einwilligungen, wenden Sie sich bitte an unseren Datenschutzkoordinator. Die Adresse finden Sie im Impressum.<\/p>\n<p>Desweiteren verweisen wir auf unsere allgemeinen Datenschutzbestimmungen unserer Webseite.<\/p>\n<p><a href=\"https:\/\/praxiserfolg.com\/de\/impressum\/datenschutzerklaerung\/\">https:\/\/praxiserfolg.com\/de\/impressum\/datenschutzerklaerung\/<\/a><\/p>\n","protected":false},"excerpt":{"rendered":"<p>Vielen Dank f\u00fcr Ihr Interesse an unserer Online-Stellenausschreibung.\u00a0Der Schutz Ihrer pers\u00f6nlichen Daten ist uns sehr wichtig.\u00a0Daher informieren wir Sie nachfolgend \u00fcber die Erhebung, Verarbeitung und Nutzung Ihrer Daten im Rahmen der Online-Bewerbung, gem\u00e4\u00df den einschl\u00e4gigen Datenschutzvorschriften. Datenerhebung Im Zuge Ihrer Online-Bewerbung werden von uns die nachfolgend aufgez\u00e4hlten pers\u00f6nlichen Bewerbungsdaten von Ihnen erhoben und verarbeitet: Name, [&hellip;]<\/p>\n","protected":false},"author":1,"featured_media":0,"parent":20,"menu_order":0,"comment_status":"closed","ping_status":"open","template":"invest.php","meta":{"footnotes":""},"class_list":["post-341","page","type-page","status-publish","hentry"],"_links":{"self":[{"href":"https:\/\/praxiserfolg.com\/de\/wp-json\/wp\/v2\/pages\/341","targetHints":{"allow":["GET"]}}],"collection":[{"href":"https:\/\/praxiserfolg.com\/de\/wp-json\/wp\/v2\/pages"}],"about":[{"href":"https:\/\/praxiserfolg.com\/de\/wp-json\/wp\/v2\/types\/page"}],"author":[{"embeddable":true,"href":"https:\/\/praxiserfolg.com\/de\/wp-json\/wp\/v2\/users\/1"}],"replies":[{"embeddable":true,"href":"https:\/\/praxiserfolg.com\/de\/wp-json\/wp\/v2\/comments?post=341"}],"version-history":[{"count":4,"href":"https:\/\/praxiserfolg.com\/de\/wp-json\/wp\/v2\/pages\/341\/revisions"}],"predecessor-version":[{"id":345,"href":"https:\/\/praxiserfolg.com\/de\/wp-json\/wp\/v2\/pages\/341\/revisions\/345"}],"up":[{"embeddable":true,"href":"https:\/\/praxiserfolg.com\/de\/wp-json\/wp\/v2\/pages\/20"}],"wp:attachment":[{"href":"https:\/\/praxiserfolg.com\/de\/wp-json\/wp\/v2\/media?parent=341"}],"curies":[{"name":"wp","href":"https:\/\/api.w.org\/{rel}","templated":true}]}}