{"id":38,"date":"2011-08-29T21:41:08","date_gmt":"2011-08-29T19:41:08","guid":{"rendered":"http:\/\/4ft.dreipeh.de\/?page_id=38"},"modified":"2015-07-17T16:09:07","modified_gmt":"2015-07-17T14:09:07","slug":"marketing-2","status":"publish","type":"page","link":"https:\/\/praxiserfolg.com\/de\/marketing-2\/","title":{"rendered":"Marketing"},"content":{"rendered":"<h4>Tue Gutes und Rede dar\u00fcber<\/h4>\n<p>Das beste Produkt oder die beste Dienstleistung n\u00fctzt Ihnen nichts, wenn Ihre Kunden dies nicht erkennen k\u00f6nnen. Entwickeln Sie mit uns ihre passende Kommunikations- und Marketing-Strategie.<\/p>\n<p>PRAXIS<strong>ERFOLG<\/strong><sup>\u00ae<\/sup> ber\u00e4t und betreut Sie bei der Entwicklung ihrer Kommunikations-Strategie intern und extern. Die Entwicklung eines Firmenerscheinungsbildes und einer Firmenidentit\u00e4t (CD\/CI \u2013 Corporate Design und Corporate Identity), die Erstellung von passenden Printmedien incl. eines professionellen Internetauftrittes geh\u00f6rt zu unserem Leistungsprogramm. Da wir wissen, wie aufwendig Textentwicklung sein kann, k\u00f6nnen Sie uns als erfahrene Partner vertrauen, dass wir die richtigen Worte auch f\u00fcr Ihre Zielgruppe finden.<\/p>\n<hr style=\"width: 633px;\" width=\"633\" \/>\n<h4>Unsere Leistungen im \u00dcberblick:<\/h4>\n<ul>\n<li>Entwicklung eines Unternehmenserscheinungsbildes und einer Unternehmensidentit\u00e4t (CD\/CI)<\/li>\n<li>Erstellen und Texten von Brosch\u00fcren und Flyern<\/li>\n<li>Erstellen und Optimieren von Internetseiten<\/li>\n<li>Kommunikations-; Verkaufs- und Motivations-Training<\/li>\n<li>Pers\u00f6nlichkeitstraining<\/li>\n<li>Stylingworkshop<\/li>\n<\/ul>\n<div style=\"margin-top: 160px;\"><img loading=\"lazy\" decoding=\"async\" class=\"aligncenter size-large wp-image-324\" title=\"IMG_3910\" src=\"http:\/\/praxiserfolg.com\/de\/wp-content\/uploads\/2011\/08\/IMG_3910-1024x682.jpg\" alt=\"\" width=\"614\" height=\"409\" srcset=\"https:\/\/praxiserfolg.com\/de\/wp-content\/uploads\/2011\/08\/IMG_3910-1024x682.jpg 1024w, https:\/\/praxiserfolg.com\/de\/wp-content\/uploads\/2011\/08\/IMG_3910-300x200.jpg 300w, https:\/\/praxiserfolg.com\/de\/wp-content\/uploads\/2011\/08\/IMG_3910-215x143.jpg 215w, https:\/\/praxiserfolg.com\/de\/wp-content\/uploads\/2011\/08\/IMG_3910.jpg 1500w\" sizes=\"auto, (max-width: 614px) 100vw, 614px\" \/><\/div>\n","protected":false},"excerpt":{"rendered":"<p>Tue Gutes und Rede dar\u00fcber Das beste Produkt oder die beste Dienstleistung n\u00fctzt Ihnen nichts, wenn Ihre Kunden dies nicht erkennen k\u00f6nnen. Entwickeln Sie mit uns ihre passende Kommunikations- und Marketing-Strategie. PRAXISERFOLG\u00ae ber\u00e4t und betreut Sie bei der Entwicklung ihrer Kommunikations-Strategie intern und extern. Die Entwicklung eines Firmenerscheinungsbildes und einer Firmenidentit\u00e4t (CD\/CI \u2013 Corporate Design [&hellip;]<\/p>\n","protected":false},"author":1,"featured_media":0,"parent":0,"menu_order":10,"comment_status":"closed","ping_status":"closed","template":"marketing.php","meta":{"footnotes":""},"class_list":["post-38","page","type-page","status-publish","hentry"],"_links":{"self":[{"href":"https:\/\/praxiserfolg.com\/de\/wp-json\/wp\/v2\/pages\/38","targetHints":{"allow":["GET"]}}],"collection":[{"href":"https:\/\/praxiserfolg.com\/de\/wp-json\/wp\/v2\/pages"}],"about":[{"href":"https:\/\/praxiserfolg.com\/de\/wp-json\/wp\/v2\/types\/page"}],"author":[{"embeddable":true,"href":"https:\/\/praxiserfolg.com\/de\/wp-json\/wp\/v2\/users\/1"}],"replies":[{"embeddable":true,"href":"https:\/\/praxiserfolg.com\/de\/wp-json\/wp\/v2\/comments?post=38"}],"version-history":[{"count":1,"href":"https:\/\/praxiserfolg.com\/de\/wp-json\/wp\/v2\/pages\/38\/revisions"}],"predecessor-version":[{"id":325,"href":"https:\/\/praxiserfolg.com\/de\/wp-json\/wp\/v2\/pages\/38\/revisions\/325"}],"wp:attachment":[{"href":"https:\/\/praxiserfolg.com\/de\/wp-json\/wp\/v2\/media?parent=38"}],"curies":[{"name":"wp","href":"https:\/\/api.w.org\/{rel}","templated":true}]}}