{"id":42,"date":"2011-08-29T21:42:19","date_gmt":"2011-08-29T19:42:19","guid":{"rendered":"http:\/\/4ft.dreipeh.de\/?page_id=42"},"modified":"2021-03-02T16:42:51","modified_gmt":"2021-03-02T15:42:51","slug":"invest-2","status":"publish","type":"page","link":"https:\/\/praxiserfolg.com\/de\/invest-2\/","title":{"rendered":"Invest"},"content":{"rendered":"<h4>Gemeinsam die Zukunft gestalten<\/h4>\n<p>Zur richtigen Strategie geh\u00f6rt die passende Unternehmens-Finanzierung sowie die unternehmerorientierte, pers\u00f6nliche Finanz- und Investmentplanung.Unsere Partner aus dem Segment PRAXISERFOLG\u00ae -Invest sind ausgew\u00e4hlte und unabh\u00e4ngige Finanzexperten. Unsere Spezialisten f\u00fchren seit Jahren unabh\u00e4ngige Honorarberatungen durch. So k\u00f6nnen unsere Kunden auf ein optimales Ergebnis vertrauen.<\/p>\n<p>Zu unseren Partnern geh\u00f6ren neben Finanzierungspartnern, Versicherungsmakler, Certified Financial Planner, unabh\u00e4ngige Verm\u00f6gensverwalter, Immobilienmakler, ausgew\u00e4hlte Steuer- und Erbschafts-Experten sowie Beteiligungsgesellschaften.<\/p>\n<p>Nach einer Bedarfsanalyse k\u00f6nnen wir f\u00fcr Sie eine individuelle pers\u00f6nliche oder betriebliche Finanzplanung erstellen oder Sie nach dem best-advice-Prinzip aus verschiedenen Anlagesegmenten mit Produktempfehlungen versorgen.<\/p>\n","protected":false},"excerpt":{"rendered":"<p>Gemeinsam die Zukunft gestalten Zur richtigen Strategie geh\u00f6rt die passende Unternehmens-Finanzierung sowie die unternehmerorientierte, pers\u00f6nliche Finanz- und Investmentplanung.Unsere Partner aus dem Segment PRAXISERFOLG\u00ae -Invest sind ausgew\u00e4hlte und unabh\u00e4ngige Finanzexperten. Unsere Spezialisten f\u00fchren seit Jahren unabh\u00e4ngige Honorarberatungen durch. So k\u00f6nnen unsere Kunden auf ein optimales Ergebnis vertrauen. Zu unseren Partnern geh\u00f6ren neben Finanzierungspartnern, Versicherungsmakler, Certified Financial [&hellip;]<\/p>\n","protected":false},"author":1,"featured_media":0,"parent":0,"menu_order":0,"comment_status":"closed","ping_status":"closed","template":"invest.php","meta":{"footnotes":""},"class_list":["post-42","page","type-page","status-publish","hentry"],"_links":{"self":[{"href":"https:\/\/praxiserfolg.com\/de\/wp-json\/wp\/v2\/pages\/42","targetHints":{"allow":["GET"]}}],"collection":[{"href":"https:\/\/praxiserfolg.com\/de\/wp-json\/wp\/v2\/pages"}],"about":[{"href":"https:\/\/praxiserfolg.com\/de\/wp-json\/wp\/v2\/types\/page"}],"author":[{"embeddable":true,"href":"https:\/\/praxiserfolg.com\/de\/wp-json\/wp\/v2\/users\/1"}],"replies":[{"embeddable":true,"href":"https:\/\/praxiserfolg.com\/de\/wp-json\/wp\/v2\/comments?post=42"}],"version-history":[{"count":9,"href":"https:\/\/praxiserfolg.com\/de\/wp-json\/wp\/v2\/pages\/42\/revisions"}],"predecessor-version":[{"id":471,"href":"https:\/\/praxiserfolg.com\/de\/wp-json\/wp\/v2\/pages\/42\/revisions\/471"}],"wp:attachment":[{"href":"https:\/\/praxiserfolg.com\/de\/wp-json\/wp\/v2\/media?parent=42"}],"curies":[{"name":"wp","href":"https:\/\/api.w.org\/{rel}","templated":true}]}}