{"id":6,"date":"2011-08-29T20:38:24","date_gmt":"2011-08-29T18:38:24","guid":{"rendered":"http:\/\/4ft.dreipeh.de\/?page_id=5"},"modified":"2015-02-02T10:30:24","modified_gmt":"2015-02-02T09:30:24","slug":"strategy","status":"publish","type":"page","link":"https:\/\/praxiserfolg.com\/de\/strategy\/","title":{"rendered":"Strategy"},"content":{"rendered":"<h4>Das Ganze ist mehr als die Summe der Einzelteile!<\/h4>\n<p>Nach einem ersten Diagnose-Gespr\u00e4ch ermitteln wir f\u00fcr jeden Kunden ein individuelles Leistungspaket. Die Umsetzung erfolgt durch Seminare oder Beratungen.<\/p>\n<p>Es werden Projektgruppen gebildet, die f\u00fcr die Realisierung der jeweils definierten Ziele verantwortlich sind.<\/p>\n<hr style=\"width: 633px;\" width=\"633\" \/>\n<h4>Unternehmensberatung: Unsere Leistungen im \u00dcberblick<\/h4>\n<ul>\n<li>Analyse der bestehenden Unternehmensstrukturen<\/li>\n<li>Zielvereinbarungen f\u00fcr das Unternehmen und die einzelnen Bereiche definieren<\/li>\n<li>F\u00fchrungskr\u00e4fte- und Mitarbeitertraining zum Thema: Verkauf, Kommunikation, Motivation und Organisation<\/li>\n<\/ul>\n<ul>\n<li>Pers\u00f6nlichkeitstraining<\/li>\n<li>Aufbau und Umsetzung von Organisations-Strukturen<\/li>\n<li>Aufbau von Marketing-, Vertriebs und Controllingstrukturen<\/li>\n<li>Eigenkapitalbeschaffung<\/li>\n<li>Nachfolge, Unternehmensverkauf<\/li>\n<li>Qualit\u00e4tsmanagement<\/li>\n<\/ul>\n<div class=\"clear\">\n<hr style=\"width: 633px;\" width=\"633\" \/>\n<\/div>\n<h4><\/h4>\n<h4>Was zeichnet ein erfolgreiches Unternehmen aus?<\/h4>\n<p>Erfolg hat immer mit der Art und dem Grad der Zielerreichung zu tun. Die Ziele in den unterschiedlichen Bereichen definieren, geeignete Massnahmen gemeinsam entwickeln und die Umsetzung betreuen, das sind wesentliche Elemente unserer Dienstleistung.<\/p>\n<p>All diese Aufgaben haben einen gro\u00dfen Einfluss auf den Erfolg von Unternehmen. Doch gerade in kleineren Unternehmen werden diese Themen h\u00e4ufig vernachl\u00e4ssigt. Bei zielgerichteter Projektierung kann durch den Einsatz unserer Dienstleistung ein enormes Wertsch\u00f6pfungspotential f\u00fcr den Kunden freigesetzt werden.<\/p>\n<hr style=\"width: 633px;\" width=\"633\" \/>\n","protected":false},"excerpt":{"rendered":"<p>Das Ganze ist mehr als die Summe der Einzelteile! Nach einem ersten Diagnose-Gespr\u00e4ch ermitteln wir f\u00fcr jeden Kunden ein individuelles Leistungspaket. Die Umsetzung erfolgt durch Seminare oder Beratungen. Es werden Projektgruppen gebildet, die f\u00fcr die Realisierung der jeweils definierten Ziele verantwortlich sind. Unternehmensberatung: Unsere Leistungen im \u00dcberblick Analyse der bestehenden Unternehmensstrukturen Zielvereinbarungen f\u00fcr das Unternehmen [&hellip;]<\/p>\n","protected":false},"author":1,"featured_media":0,"parent":0,"menu_order":0,"comment_status":"closed","ping_status":"closed","template":"strategy.php","meta":{"footnotes":""},"class_list":["post-6","page","type-page","status-publish","hentry"],"_links":{"self":[{"href":"https:\/\/praxiserfolg.com\/de\/wp-json\/wp\/v2\/pages\/6","targetHints":{"allow":["GET"]}}],"collection":[{"href":"https:\/\/praxiserfolg.com\/de\/wp-json\/wp\/v2\/pages"}],"about":[{"href":"https:\/\/praxiserfolg.com\/de\/wp-json\/wp\/v2\/types\/page"}],"author":[{"embeddable":true,"href":"https:\/\/praxiserfolg.com\/de\/wp-json\/wp\/v2\/users\/1"}],"replies":[{"embeddable":true,"href":"https:\/\/praxiserfolg.com\/de\/wp-json\/wp\/v2\/comments?post=6"}],"version-history":[{"count":2,"href":"https:\/\/praxiserfolg.com\/de\/wp-json\/wp\/v2\/pages\/6\/revisions"}],"predecessor-version":[{"id":320,"href":"https:\/\/praxiserfolg.com\/de\/wp-json\/wp\/v2\/pages\/6\/revisions\/320"}],"wp:attachment":[{"href":"https:\/\/praxiserfolg.com\/de\/wp-json\/wp\/v2\/media?parent=6"}],"curies":[{"name":"wp","href":"https:\/\/api.w.org\/{rel}","templated":true}]}}